{"id":88,"date":"2021-10-29T14:04:00","date_gmt":"2021-10-29T14:04:00","guid":{"rendered":"http:\/\/wordpress.kirroyal-gernsheim.de\/?page_id=88"},"modified":"2026-02-27T20:53:49","modified_gmt":"2026-02-27T20:53:49","slug":"proben-termine","status":"publish","type":"page","link":"https:\/\/kirroyal-gernsheim.de\/?page_id=88","title":{"rendered":"Proben &#038; Termine"},"content":{"rendered":"<div class=\"wp-block-image\">\n<figure class=\"aligncenter size-full is-resized\"><img loading=\"lazy\" decoding=\"async\" width=\"894\" height=\"166\" src=\"https:\/\/kirroyal-gernsheim.de\/wp-content\/uploads\/2024\/03\/KR-HomepageSlogan-1.jpg\" alt=\"\" class=\"wp-image-1483\" style=\"width:402px\" srcset=\"https:\/\/kirroyal-gernsheim.de\/wp-content\/uploads\/2024\/03\/KR-HomepageSlogan-1.jpg 894w, https:\/\/kirroyal-gernsheim.de\/wp-content\/uploads\/2024\/03\/KR-HomepageSlogan-1-300x56.jpg 300w, https:\/\/kirroyal-gernsheim.de\/wp-content\/uploads\/2024\/03\/KR-HomepageSlogan-1-768x143.jpg 768w\" sizes=\"auto, (max-width: 894px) 100vw, 894px\" \/><\/figure>\n<\/div>\n\n\n<p class=\"has-black-color has-text-color\">Wir proben regelm\u00e4\u00dfig jeden Donnerstag<strong>&nbsp;<\/strong><br>von&nbsp;<strong>18:30<\/strong>&nbsp;bis&nbsp;<strong>20:00<\/strong>&nbsp;Uhr<br>im <strong>Kettelerhaus <\/strong>in Gernsheim<br>(Magdalenenstra\u00dfe, gegen\u00fcber Kath. Kirche).<\/p>\n\n\n\n<p class=\"has-black-color has-text-color has-link-color has-medium-font-size wp-elements-7feb98c69ac250c29039fd5741e271ab\">Proben<\/p>\n\n\n\n<figure class=\"wp-block-table aligncenter is-style-regular wp-container-content-9cfa9a5a\" style=\"font-size:12px;font-style:normal;font-weight:400\"><table class=\"has-white-color has-text-color has-background has-fixed-layout\" style=\"background-color:#a10350\"><tbody><tr><td><strong>Datum<\/strong><\/td><td class=\"has-text-align-left\" data-align=\"left\"><strong>Uhrzeit<\/strong><\/td><td><strong>Was<\/strong><\/td><td class=\"has-text-align-left\" data-align=\"left\"><strong>Ort<\/strong><\/td><\/tr><tr><td><strong><br><\/strong><\/td><td class=\"has-text-align-left\" data-align=\"left\"><\/td><td><\/td><td class=\"has-text-align-left\" data-align=\"left\"><\/td><\/tr><\/tbody><\/table><\/figure>\n\n\n\n<h3 class=\"wp-block-heading has-text-color has-medium-font-size\" style=\"color:#000000b8\">Termine<\/h3>\n\n\n\n<figure class=\"wp-block-table is-style-regular\" style=\"font-size:12px\"><table class=\"has-white-color has-black-background-color has-text-color has-background\"><thead><tr><th class=\"has-text-align-left\" data-align=\"left\"><strong>Datum<\/strong><\/th><th class=\"has-text-align-left\" data-align=\"left\">Uhrzeit<\/th><th>Was<\/th><th>Ort<\/th><\/tr><\/thead><tbody><tr><td class=\"has-text-align-left\" data-align=\"left\"><br><\/td><td class=\"has-text-align-left\" data-align=\"left\"><\/td><td><\/td><td><\/td><\/tr><tr><td class=\"has-text-align-left\" data-align=\"left\"><\/td><td class=\"has-text-align-left\" data-align=\"left\"><\/td><td><\/td><td><\/td><\/tr><\/tbody><\/table><\/figure>\n\n\n\n<p class=\"has-text-align-center has-white-background-color has-background\" style=\"font-size:17px\"><strong><a href=\"http:\/\/wordpress.kirroyal-gernsheim.de\/?page_id=153\" data-type=\"page\" data-id=\"153\">Kontakt<\/a><\/strong><\/p>\n\n\n\n<p class=\"has-text-align-center has-text-color\" style=\"color:#a10750;font-size:17px\"><strong><a href=\"http:\/\/wordpress.kirroyal-gernsheim.de\/\" data-type=\"page\" data-id=\"7\">Home<\/a><\/strong><\/p>\n\n\n\n<p><\/p>\n","protected":false},"excerpt":{"rendered":"<p>Wir proben regelm\u00e4\u00dfig jeden Donnerstag&nbsp;von&nbsp;18:30&nbsp;bis&nbsp;20:00&nbsp;Uhrim Kettelerhaus in Gernsheim(Magdalenenstra\u00dfe, gegen\u00fcber Kath. Kirche). Proben Datum Uhrzeit Was Ort Termine Datum Uhrzeit Was Ort Kontakt Home<\/p>\n","protected":false},"author":1,"featured_media":0,"parent":7,"menu_order":20,"comment_status":"closed","ping_status":"closed","template":"","meta":{"footnotes":""},"class_list":["post-88","page","type-page","status-publish","hentry"],"_links":{"self":[{"href":"https:\/\/kirroyal-gernsheim.de\/index.php?rest_route=\/wp\/v2\/pages\/88","targetHints":{"allow":["GET"]}}],"collection":[{"href":"https:\/\/kirroyal-gernsheim.de\/index.php?rest_route=\/wp\/v2\/pages"}],"about":[{"href":"https:\/\/kirroyal-gernsheim.de\/index.php?rest_route=\/wp\/v2\/types\/page"}],"author":[{"embeddable":true,"href":"https:\/\/kirroyal-gernsheim.de\/index.php?rest_route=\/wp\/v2\/users\/1"}],"replies":[{"embeddable":true,"href":"https:\/\/kirroyal-gernsheim.de\/index.php?rest_route=%2Fwp%2Fv2%2Fcomments&post=88"}],"version-history":[{"count":363,"href":"https:\/\/kirroyal-gernsheim.de\/index.php?rest_route=\/wp\/v2\/pages\/88\/revisions"}],"predecessor-version":[{"id":1786,"href":"https:\/\/kirroyal-gernsheim.de\/index.php?rest_route=\/wp\/v2\/pages\/88\/revisions\/1786"}],"up":[{"embeddable":true,"href":"https:\/\/kirroyal-gernsheim.de\/index.php?rest_route=\/wp\/v2\/pages\/7"}],"wp:attachment":[{"href":"https:\/\/kirroyal-gernsheim.de\/index.php?rest_route=%2Fwp%2Fv2%2Fmedia&parent=88"}],"curies":[{"name":"wp","href":"https:\/\/api.w.org\/{rel}","templated":true}]}}