{"id":7,"date":"2021-10-28T10:02:49","date_gmt":"2021-10-28T10:02:49","guid":{"rendered":"http:\/\/wordpress.kirroyal-gernsheim.de\/?page_id=7"},"modified":"2025-11-09T10:56:58","modified_gmt":"2025-11-09T10:56:58","slug":"willkommen","status":"publish","type":"page","link":"https:\/\/kirroyal-gernsheim.de\/","title":{"rendered":"Willkommen"},"content":{"rendered":"<div class=\"wp-block-image\">\n<figure class=\"aligncenter size-full is-resized\"><img loading=\"lazy\" decoding=\"async\" width=\"894\" height=\"166\" src=\"https:\/\/kirroyal-gernsheim.de\/wp-content\/uploads\/2024\/03\/KR-HomepageSlogan-1.jpg\" alt=\"\" class=\"wp-image-1483\" style=\"width:402px;height:auto\" srcset=\"https:\/\/kirroyal-gernsheim.de\/wp-content\/uploads\/2024\/03\/KR-HomepageSlogan-1.jpg 894w, https:\/\/kirroyal-gernsheim.de\/wp-content\/uploads\/2024\/03\/KR-HomepageSlogan-1-300x56.jpg 300w, https:\/\/kirroyal-gernsheim.de\/wp-content\/uploads\/2024\/03\/KR-HomepageSlogan-1-768x143.jpg 768w\" sizes=\"auto, (max-width: 894px) 100vw, 894px\" \/><\/figure>\n<\/div>\n\n\n<p class=\"has-text-align-center has-black-color has-text-color has-link-color has-small-font-size wp-elements-a99cefd9bdd24ce5bf14ac3c45c94b4c\"><a href=\"https:\/\/kirroyal-gernsheim.de\/?page_id=1741\" data-type=\"page\" data-id=\"1741\">+++ <strong>Bilder vom Konzert zum Erntedankfest<\/strong> <strong>am 5. Oktober 2025<\/strong> +++<\/a><\/p>\n\n\n\n<figure data-wp-context=\"{&quot;imageId&quot;:&quot;6a08f647e0094&quot;}\" data-wp-interactive=\"core\/image\" data-wp-key=\"6a08f647e0094\" class=\"wp-block-image size-large wp-lightbox-container\"><img loading=\"lazy\" decoding=\"async\" width=\"1024\" height=\"683\" data-wp-class--hide=\"state.isContentHidden\" data-wp-class--show=\"state.isContentVisible\" data-wp-init=\"callbacks.setButtonStyles\" data-wp-on--click=\"actions.showLightbox\" data-wp-on--load=\"callbacks.setButtonStyles\" data-wp-on-window--resize=\"callbacks.setButtonStyles\" src=\"https:\/\/kirroyal-gernsheim.de\/wp-content\/uploads\/2023\/01\/KR_KurKonzert2022-07-1024x683.jpg\" alt=\"\" class=\"wp-image-828\" srcset=\"https:\/\/kirroyal-gernsheim.de\/wp-content\/uploads\/2023\/01\/KR_KurKonzert2022-07-1024x683.jpg 1024w, https:\/\/kirroyal-gernsheim.de\/wp-content\/uploads\/2023\/01\/KR_KurKonzert2022-07-300x200.jpg 300w, https:\/\/kirroyal-gernsheim.de\/wp-content\/uploads\/2023\/01\/KR_KurKonzert2022-07-768x512.jpg 768w, https:\/\/kirroyal-gernsheim.de\/wp-content\/uploads\/2023\/01\/KR_KurKonzert2022-07-1536x1025.jpg 1536w, https:\/\/kirroyal-gernsheim.de\/wp-content\/uploads\/2023\/01\/KR_KurKonzert2022-07-306x205.jpg 306w, https:\/\/kirroyal-gernsheim.de\/wp-content\/uploads\/2023\/01\/KR_KurKonzert2022-07.jpg 1920w\" sizes=\"auto, (max-width: 1024px) 100vw, 1024px\" \/><button\n\t\t\tclass=\"lightbox-trigger\"\n\t\t\ttype=\"button\"\n\t\t\taria-haspopup=\"dialog\"\n\t\t\taria-label=\"Vergr\u00f6\u00dfern\"\n\t\t\tdata-wp-init=\"callbacks.initTriggerButton\"\n\t\t\tdata-wp-on--click=\"actions.showLightbox\"\n\t\t\tdata-wp-style--right=\"state.imageButtonRight\"\n\t\t\tdata-wp-style--top=\"state.imageButtonTop\"\n\t\t>\n\t\t\t<svg xmlns=\"http:\/\/www.w3.org\/2000\/svg\" width=\"12\" height=\"12\" fill=\"none\" viewBox=\"0 0 12 12\">\n\t\t\t\t<path fill=\"#fff\" d=\"M2 0a2 2 0 0 0-2 2v2h1.5V2a.5.5 0 0 1 .5-.5h2V0H2Zm2 10.5H2a.5.5 0 0 1-.5-.5V8H0v2a2 2 0 0 0 2 2h2v-1.5ZM8 12v-1.5h2a.5.5 0 0 0 .5-.5V8H12v2a2 2 0 0 1-2 2H8Zm2-12a2 2 0 0 1 2 2v2h-1.5V2a.5.5 0 0 0-.5-.5H8V0h2Z\" \/>\n\t\t\t<\/svg>\n\t\t<\/button><\/figure>\n\n\n\n<p>Sch\u00f6n, dass Sie unsere Homepage besuchen. Auf den folgenden Seiten finden Sie (einige) Informationen zu unserem Chor, unserer Musik sowie zu unseren regelm\u00e4\u00dfig stattfindenden Proben.<\/p>\n\n\n\n<p>In unserem Chor sind alle Altersgruppen vertreten. Neben den Chorproben pflegen wir auch unsere lebendige Chorgemeinschaft und&nbsp;freuen uns immer \u00fcber neue S\u00e4ngerinnen und S\u00e4nger.<\/p>\n\n\n<div class=\"wp-block-image\">\n<figure class=\"aligncenter size-full is-resized\"><img loading=\"lazy\" decoding=\"async\" width=\"1350\" height=\"991\" src=\"https:\/\/kirroyal-gernsheim.de\/wp-content\/uploads\/2024\/03\/KR-Logo_auf_weiss_9_Aug_2022-ohne.jpg\" alt=\"\" class=\"wp-image-1449\" style=\"width:394px;height:auto\" srcset=\"https:\/\/kirroyal-gernsheim.de\/wp-content\/uploads\/2024\/03\/KR-Logo_auf_weiss_9_Aug_2022-ohne.jpg 1350w, https:\/\/kirroyal-gernsheim.de\/wp-content\/uploads\/2024\/03\/KR-Logo_auf_weiss_9_Aug_2022-ohne-300x220.jpg 300w, https:\/\/kirroyal-gernsheim.de\/wp-content\/uploads\/2024\/03\/KR-Logo_auf_weiss_9_Aug_2022-ohne-1024x752.jpg 1024w, https:\/\/kirroyal-gernsheim.de\/wp-content\/uploads\/2024\/03\/KR-Logo_auf_weiss_9_Aug_2022-ohne-768x564.jpg 768w\" sizes=\"auto, (max-width: 1350px) 100vw, 1350px\" \/><\/figure>\n<\/div>\n\n\n<p class=\"has-text-align-center has-white-background-color has-text-color has-background\" style=\"color:#a10750;font-size:17px\"><strong><a href=\"http:\/\/wordpress.kirroyal-gernsheim.de\/?page_id=153\" data-type=\"page\" data-id=\"153\">Kontakt<\/a><\/strong><\/p>\n\n\n\n<p><\/p>\n\n\n\n<p><\/p>\n\n\n\n<ul class=\"wp-block-list\">\n<li><\/li>\n<\/ul>\n\n\n\n<p><\/p>\n","protected":false},"excerpt":{"rendered":"<p>+++ Bilder vom Konzert zum Erntedankfest am 5. Oktober 2025 +++ Sch\u00f6n, dass Sie unsere Homepage besuchen. Auf den folgenden Seiten finden Sie (einige) Informationen zu unserem Chor, unserer Musik sowie zu unseren regelm\u00e4\u00dfig stattfindenden Proben. In unserem Chor sind&hellip; <\/p>\n","protected":false},"author":1,"featured_media":0,"parent":0,"menu_order":0,"comment_status":"closed","ping_status":"closed","template":"","meta":{"footnotes":""},"class_list":["post-7","page","type-page","status-publish","hentry"],"_links":{"self":[{"href":"https:\/\/kirroyal-gernsheim.de\/index.php?rest_route=\/wp\/v2\/pages\/7","targetHints":{"allow":["GET"]}}],"collection":[{"href":"https:\/\/kirroyal-gernsheim.de\/index.php?rest_route=\/wp\/v2\/pages"}],"about":[{"href":"https:\/\/kirroyal-gernsheim.de\/index.php?rest_route=\/wp\/v2\/types\/page"}],"author":[{"embeddable":true,"href":"https:\/\/kirroyal-gernsheim.de\/index.php?rest_route=\/wp\/v2\/users\/1"}],"replies":[{"embeddable":true,"href":"https:\/\/kirroyal-gernsheim.de\/index.php?rest_route=%2Fwp%2Fv2%2Fcomments&post=7"}],"version-history":[{"count":136,"href":"https:\/\/kirroyal-gernsheim.de\/index.php?rest_route=\/wp\/v2\/pages\/7\/revisions"}],"predecessor-version":[{"id":1760,"href":"https:\/\/kirroyal-gernsheim.de\/index.php?rest_route=\/wp\/v2\/pages\/7\/revisions\/1760"}],"wp:attachment":[{"href":"https:\/\/kirroyal-gernsheim.de\/index.php?rest_route=%2Fwp%2Fv2%2Fmedia&parent=7"}],"curies":[{"name":"wp","href":"https:\/\/api.w.org\/{rel}","templated":true}]}}